{"id":4150,"date":"2019-03-11T16:39:15","date_gmt":"2019-03-11T14:39:15","guid":{"rendered":"https:\/\/www.touslesmusees.fr\/?page_id=4150"},"modified":"2019-03-11T16:39:18","modified_gmt":"2019-03-11T14:39:18","slug":"credits","status":"publish","type":"page","link":"https:\/\/www.touslesmusees.fr\/en\/credits\/","title":{"rendered":"Credits"},"content":{"rendered":"<p><strong>Les textes et les photographies publi\u00e9s sur le site sont la propri\u00e9t\u00e9 de l&#8217;association TousLesMus\u00e9es \u00a9.<\/strong><\/p>\n<p><strong>\u00a9&nbsp; Cr\u00e9dit photos.<br \/>\n<\/strong><\/p>\n<p>La majorit\u00e9 des photos publi\u00e9es sur le site sont la propri\u00e9t\u00e9 de : Nicole A., Ga\u00eblle A-B, Alain B., Michelle H., Elodie M.<\/p>\n<p>Une dizaine de photos ont \u00e9t\u00e9 fournies par les mus\u00e9es ou proviennent de leur site web.<\/p>\n<p><strong>Toute reproduction de photographies, d&#8217;images ou de textes publi\u00e9s sur le site touslesmusees.fr est interdite sans l&#8217;autorisation de l&#8217;association TousLesMus\u00e9es. <\/strong><\/p>\n<p><strong>contact@touslesmusees.fr<\/strong><\/p>\n","protected":false},"excerpt":{"rendered":"<p>Les textes et les photographies publi\u00e9s sur le site sont&hellip; <span class=\"knowMore\"><a href=\"https:\/\/www.touslesmusees.fr\/en\/credits\/\">En savoir plus<\/a><\/span><\/p>\n","protected":false},"author":2,"featured_media":0,"parent":0,"menu_order":0,"comment_status":"closed","ping_status":"closed","template":"","meta":[],"acf":[],"_links":{"self":[{"href":"https:\/\/www.touslesmusees.fr\/en\/wp-json\/wp\/v2\/pages\/4150\/"}],"collection":[{"href":"https:\/\/www.touslesmusees.fr\/en\/wp-json\/wp\/v2\/pages\/"}],"about":[{"href":"https:\/\/www.touslesmusees.fr\/en\/wp-json\/wp\/v2\/types\/page\/"}],"author":[{"embeddable":true,"href":"https:\/\/www.touslesmusees.fr\/en\/wp-json\/wp\/v2\/users\/2\/"}],"replies":[{"embeddable":true,"href":"https:\/\/www.touslesmusees.fr\/en\/wp-json\/wp\/v2\/comments\/?post=4150"}],"version-history":[{"count":1,"href":"https:\/\/www.touslesmusees.fr\/en\/wp-json\/wp\/v2\/pages\/4150\/revisions\/"}],"predecessor-version":[{"id":4151,"href":"https:\/\/www.touslesmusees.fr\/en\/wp-json\/wp\/v2\/pages\/4150\/revisions\/4151\/"}],"wp:attachment":[{"href":"https:\/\/www.touslesmusees.fr\/en\/wp-json\/wp\/v2\/media\/?parent=4150"}],"curies":[{"name":"wp","href":"https:\/\/api.w.org\/{rel}","templated":true}]}}