{"id":4152,"date":"2019-03-11T16:40:28","date_gmt":"2019-03-11T14:40:28","guid":{"rendered":"https:\/\/www.touslesmusees.fr\/?page_id=4152"},"modified":"2019-03-11T16:40:30","modified_gmt":"2019-03-11T14:40:30","slug":"legal-notice","status":"publish","type":"page","link":"https:\/\/www.touslesmusees.fr\/en\/legal-notice\/","title":{"rendered":"Legal Notice"},"content":{"rendered":"<p>Le site internet touslesmusees.fr a un objectif d\u2019information et de partage d\u2019exp\u00e9riences sur les mus\u00e9es, les expositions et les \u00e9v\u00e8nements culturels qui y sont rattach\u00e9s.<\/p>\n<p>Il est <strong>ouvert au public et son acc\u00e8s est gratuit<\/strong>.<\/p>\n<p><strong>Editeur&nbsp;<\/strong>: Association TousLesMus\u00e9es&nbsp;cr\u00e9\u00e9e le 18 juin 2013. Pr\u00e9sidente&nbsp;: Nicole Arnal<\/p>\n<p>D\u00e9claration de cr\u00e9ation de l\u2019association n\u00b0 W751220200. N\u00b0 SIREN&nbsp;: 809&nbsp;729&nbsp;452. Domiciliation 75013 Paris.<\/p>\n<p>Contact&nbsp;: <strong>contact@touslesmusees.fr<\/strong><\/p>\n<p><strong>R\u00e9alisation technique<\/strong>&nbsp;: le site a \u00e9t\u00e9 r\u00e9alis\u00e9 par la <strong>soci\u00e9t\u00e9 e-sysoft<\/strong> pour l\u2019association TousLesMus\u00e9es.<\/p>\n<p><strong>H\u00e9bergement<\/strong>&nbsp;: le site est h\u00e9berg\u00e9 par la <strong>soci\u00e9t\u00e9 OVH.<\/strong><\/p>\n<p><strong> Propri\u00e9t\u00e9 intellectuelle<\/strong><\/p>\n<p>Sauf mention contraire, les contenus du site \u2013 logo, textes, photos, dessins, vid\u00e9os site \u2013 sont la propri\u00e9t\u00e9 de l\u2019association TousLesMus\u00e9es. Toute copie, reproduction, diffusion, vente ou exploitation, quel que soit le proc\u00e9d\u00e9 utilis\u00e9, est strictement interdite sans autorisation expresse de l\u2019association TousLesMus\u00e9es (articles L 335-2 et suivants du Code de la Propri\u00e9t\u00e9 Intellectuelle). Seule reste permise l&#8217;utilisation \u00e0 titre exclusivement priv\u00e9 et \u00e0 des fins non commerciales, conform\u00e9ment \u00e0 l&#8217;article L 122-5 du Code de la Propri\u00e9t\u00e9 Intellectuelle.<\/p>\n<p><strong>Donn\u00e9es personnelles<\/strong><\/p>\n<p>Les donn\u00e9es personnelles \u00e9ventuellement collect\u00e9es par le site de l\u2019association TousLesMus\u00e9es sont uniquement destin\u00e9es \u00e0 un usage interne. En aucun cas ces donn\u00e9es ne seront c\u00e9d\u00e9es ou vendues \u00e0 des tiers.<\/p>\n<p>La d\u00e9claration \u00e0 la CNIL est en cours d\u2019enregistrement. Conform\u00e9ment \u00e0 la loi \u00ab Informatique et libert\u00e9s \u00bb du 6 janvier 1978 modifi\u00e9e, vous b\u00e9n\u00e9ficiez d\u2019un droit d\u2019acc\u00e8s, de rectification, de suppression des informations qui vous concernent, que vous pouvez exercer \u00e0 tout moment en contactant le site \u00e0 l\u2019adresse contact@touslesmusees.fr.<\/p>\n","protected":false},"excerpt":{"rendered":"<p>Le site internet touslesmusees.fr a un objectif d\u2019information et de&hellip; <span class=\"knowMore\"><a href=\"https:\/\/www.touslesmusees.fr\/en\/legal-notice\/\">En savoir plus<\/a><\/span><\/p>\n","protected":false},"author":2,"featured_media":0,"parent":0,"menu_order":0,"comment_status":"closed","ping_status":"closed","template":"","meta":[],"acf":[],"_links":{"self":[{"href":"https:\/\/www.touslesmusees.fr\/en\/wp-json\/wp\/v2\/pages\/4152\/"}],"collection":[{"href":"https:\/\/www.touslesmusees.fr\/en\/wp-json\/wp\/v2\/pages\/"}],"about":[{"href":"https:\/\/www.touslesmusees.fr\/en\/wp-json\/wp\/v2\/types\/page\/"}],"author":[{"embeddable":true,"href":"https:\/\/www.touslesmusees.fr\/en\/wp-json\/wp\/v2\/users\/2\/"}],"replies":[{"embeddable":true,"href":"https:\/\/www.touslesmusees.fr\/en\/wp-json\/wp\/v2\/comments\/?post=4152"}],"version-history":[{"count":1,"href":"https:\/\/www.touslesmusees.fr\/en\/wp-json\/wp\/v2\/pages\/4152\/revisions\/"}],"predecessor-version":[{"id":4153,"href":"https:\/\/www.touslesmusees.fr\/en\/wp-json\/wp\/v2\/pages\/4152\/revisions\/4153\/"}],"wp:attachment":[{"href":"https:\/\/www.touslesmusees.fr\/en\/wp-json\/wp\/v2\/media\/?parent=4152"}],"curies":[{"name":"wp","href":"https:\/\/api.w.org\/{rel}","templated":true}]}}