{"id":4154,"date":"2019-03-11T16:41:29","date_gmt":"2019-03-11T14:41:29","guid":{"rendered":"https:\/\/www.touslesmusees.fr\/?page_id=4154"},"modified":"2019-03-11T16:41:32","modified_gmt":"2019-03-11T14:41:32","slug":"sustainable-development","status":"publish","type":"page","link":"https:\/\/www.touslesmusees.fr\/en\/sustainable-development\/","title":{"rendered":"Sustainable development"},"content":{"rendered":"<p>Pour le&nbsp; d\u00e9veloppement durable, merci de <strong>ne pas imprimer de pages du site touslesmusees.fr et ne pas en photocopier<\/strong>, sauf en cas de difficult\u00e9s particuli\u00e8res.<\/p>\n<p>Le d\u00e9veloppement durable cherche \u00e0 concilier trois mondes : l&#8217;\u00e9cologie, le social, l&#8217;\u00e9conomie. C&#8217;est notre responsabilit\u00e9 \u00e0 tous.<\/p>\n<p>&nbsp;<\/p>\n","protected":false},"excerpt":{"rendered":"<p>Pour le&nbsp; d\u00e9veloppement durable, merci de ne pas imprimer de&hellip; <span class=\"knowMore\"><a href=\"https:\/\/www.touslesmusees.fr\/en\/sustainable-development\/\">En savoir plus<\/a><\/span><\/p>\n","protected":false},"author":2,"featured_media":0,"parent":0,"menu_order":0,"comment_status":"closed","ping_status":"closed","template":"","meta":[],"acf":[],"_links":{"self":[{"href":"https:\/\/www.touslesmusees.fr\/en\/wp-json\/wp\/v2\/pages\/4154\/"}],"collection":[{"href":"https:\/\/www.touslesmusees.fr\/en\/wp-json\/wp\/v2\/pages\/"}],"about":[{"href":"https:\/\/www.touslesmusees.fr\/en\/wp-json\/wp\/v2\/types\/page\/"}],"author":[{"embeddable":true,"href":"https:\/\/www.touslesmusees.fr\/en\/wp-json\/wp\/v2\/users\/2\/"}],"replies":[{"embeddable":true,"href":"https:\/\/www.touslesmusees.fr\/en\/wp-json\/wp\/v2\/comments\/?post=4154"}],"version-history":[{"count":1,"href":"https:\/\/www.touslesmusees.fr\/en\/wp-json\/wp\/v2\/pages\/4154\/revisions\/"}],"predecessor-version":[{"id":4155,"href":"https:\/\/www.touslesmusees.fr\/en\/wp-json\/wp\/v2\/pages\/4154\/revisions\/4155\/"}],"wp:attachment":[{"href":"https:\/\/www.touslesmusees.fr\/en\/wp-json\/wp\/v2\/media\/?parent=4154"}],"curies":[{"name":"wp","href":"https:\/\/api.w.org\/{rel}","templated":true}]}}