{"id":4156,"date":"2019-03-11T16:42:42","date_gmt":"2019-03-11T14:42:42","guid":{"rendered":"https:\/\/www.touslesmusees.fr\/?page_id=4156"},"modified":"2019-03-11T16:42:45","modified_gmt":"2019-03-11T14:42:45","slug":"who-are-we","status":"publish","type":"page","link":"https:\/\/www.touslesmusees.fr\/en\/who-are-we\/","title":{"rendered":"Who are we"},"content":{"rendered":"<p><strong>Bienvenue sur touslesmusees.fr<\/strong><\/p>\n<p>A l\u2019origine du projet, l\u2019envie de quelques amis passionn\u00e9s de mus\u00e9es de faire un guide sur les mus\u00e9es du point de vue des visiteurs, id\u00e9e qui s\u2019est rapidement orient\u00e9e vers la conception d\u2019un <strong>site portail sur les mus\u00e9es et les expositions<\/strong> afin notamment de pouvoir les mettre \u00e0 jour quotidiennement (informations pratiques, expositions temporaires, etc.).<\/p>\n<p>Ce projet de site portail est devenu une aventure collective avec une \u00e9quipe rassembl\u00e9e au sein de l\u2019association TousLesMus\u00e9es cr\u00e9\u00e9e en 2013. <strong>L\u2019association TousLesMus\u00e9es* est le porteur du projet.<\/strong><\/p>\n<p>L\u2019\u00e9quipe est compos\u00e9e de Ga\u00eblle, Romain, Brigitte, Nicole, Chantal, Arnaud, Thibaut, Fran\u00e7oise, de tous les \u00e2ges et avec des profils compl\u00e9mentaires\u00a0: histoire de l\u2019art, \u00e9ducation, technologies num\u00e9riques, gestion, architecture, patrimoine, sociologie\u2026 D\u2019autres personnes nous rejoignent pour participer \u00e0 la r\u00e9daction (V\u00e9ronique, Alain, Elisabeth), \u00e0 la communication (Alice), \u00e0 la d\u00e9couverte de nouveaux lieux d\u2019expositions et d\u2019\u00e9v\u00e8nements.<\/p>\n<p>L\u2019association TousLesMus\u00e9es apporte les contenus sur les mus\u00e9es de Paris et des mus\u00e9es en Ile-de-France. Elle travaille avec des partenaires web (notamment la soci\u00e9t\u00e9 e-sysoft), pour la conception et la r\u00e9alisation du site. L\u2019association est responsable de l\u2019animation du site et de sa mise \u00e0 jour ainsi que des relations avec les mus\u00e9es et les partenaires.<\/p>\n<p>De\u00a0<a href=\"https:\/\/www.touslesmusees.fr\/app\/uploads\/nombreuses-personnes.pdf\">nombreuses personnes<\/a> nous ont soutenus tout au long du projet et ont contribu\u00e9 au lancement du site www.touslesmusees.fr. Nous les en remercions sinc\u00e8rement.<\/p>\n<p>Association loi 1901 TousLesMus\u00e9es cr\u00e9\u00e9e le 18 juin 2013.\u00a0 D\u00e9claration de cr\u00e9ation de l\u2019association n\u00b0 W751220200<\/p>\n<p>N\u00b0 SIREN\u00a0: 809\u00a0729 452<\/p>\n<p>Vous pouvez <strong>devenir membre de l&#8217;association TousLesMus\u00e9es <\/strong>(l&#8217;adh\u00e9sion annuelle pour les particuliers est de 20 euros)<strong>. <\/strong><\/p>\n<p><strong>Pour nous joindre : contac@touslesmusees.fr<\/strong><\/p>\n","protected":false},"excerpt":{"rendered":"<p>Bienvenue sur touslesmusees.fr A l\u2019origine du projet, l\u2019envie de quelques&hellip; <span class=\"knowMore\"><a href=\"https:\/\/www.touslesmusees.fr\/en\/who-are-we\/\">En savoir plus<\/a><\/span><\/p>\n","protected":false},"author":2,"featured_media":0,"parent":0,"menu_order":0,"comment_status":"closed","ping_status":"closed","template":"","meta":[],"acf":[],"_links":{"self":[{"href":"https:\/\/www.touslesmusees.fr\/en\/wp-json\/wp\/v2\/pages\/4156\/"}],"collection":[{"href":"https:\/\/www.touslesmusees.fr\/en\/wp-json\/wp\/v2\/pages\/"}],"about":[{"href":"https:\/\/www.touslesmusees.fr\/en\/wp-json\/wp\/v2\/types\/page\/"}],"author":[{"embeddable":true,"href":"https:\/\/www.touslesmusees.fr\/en\/wp-json\/wp\/v2\/users\/2\/"}],"replies":[{"embeddable":true,"href":"https:\/\/www.touslesmusees.fr\/en\/wp-json\/wp\/v2\/comments\/?post=4156"}],"version-history":[{"count":1,"href":"https:\/\/www.touslesmusees.fr\/en\/wp-json\/wp\/v2\/pages\/4156\/revisions\/"}],"predecessor-version":[{"id":4157,"href":"https:\/\/www.touslesmusees.fr\/en\/wp-json\/wp\/v2\/pages\/4156\/revisions\/4157\/"}],"wp:attachment":[{"href":"https:\/\/www.touslesmusees.fr\/en\/wp-json\/wp\/v2\/media\/?parent=4156"}],"curies":[{"name":"wp","href":"https:\/\/api.w.org\/{rel}","templated":true}]}}