{"id":4158,"date":"2019-03-11T16:43:44","date_gmt":"2019-03-11T14:43:44","guid":{"rendered":"https:\/\/www.touslesmusees.fr\/?page_id=4158"},"modified":"2019-03-11T16:43:46","modified_gmt":"2019-03-11T14:43:46","slug":"spirit-of-the-site","status":"publish","type":"page","link":"https:\/\/www.touslesmusees.fr\/en\/spirit-of-the-site\/","title":{"rendered":"Spirit of the site"},"content":{"rendered":"<p><strong>Un site pour vous<\/strong><\/p>\n<p>touslesmusees.fr est un site portail d\u00e9di\u00e9 aux mus\u00e9es, des plus petits aux plus grands, et aux expositions, des plus m\u00e9connues aux plus m\u00e9diatis\u00e9es. Le choix est large et ouvert !<\/p>\n<p>Vous souhaitez voir une exposition lors de votre prochaine visite \u00e0 Paris, emmener vos enfants dans un mus\u00e9e qui les \u00e9merveillera, trouver un mus\u00e9e ouvert le mardi \u00e0 proximit\u00e9 d\u2019o\u00f9 vous \u00eates, d\u00e9couvrir un mus\u00e9e insolite, faire une halte dans le jardin du mus\u00e9e, fl\u00e2ner aux alentours\u2026<\/p>\n<p><strong>Vous trouverez le mus\u00e9e ou l\u2019exposition qui correspond \u00e0 vos centres d\u2019int\u00e9r\u00eat ou votre humeur du jour sur touslesmus\u00e9es.fr!<\/strong><\/p>\n<p>Fond\u00e9 sur la curiosit\u00e9 et le plaisir de la visite, le site commence par couvrir Paris puis l\u2019Ile-de-France et propose d\u2019aller voir aussi en France ou plus loin au gr\u00e9 des voyages et des visites des r\u00e9dacteurs.<\/p>\n<p><strong>Notre objectif<\/strong> est de :<\/p>\n<ul>\n<li>Mettre \u00e0 votre disposition toute la vari\u00e9t\u00e9 de l\u2019offre : fiches d\u2019information sur les Mus\u00e9es, les Expositions, des Actualit\u00e9s, des dossiers, des \u00ab Grands t\u00e9moignages \u00bb d\u2019historiens de l\u2019art, commissaires d\u2019exposition, critiques d\u2019art\u2026<\/li>\n<li>Susciter les \u00e9changes : les T\u00e9moignages vous invitent \u00e0 contribuer, communiquer et partager vos visites de mus\u00e9es et d\u2019expositions, mettre en valeur vos exp\u00e9riences\u2026<\/li>\n<li>Proposer des visites guid\u00e9es originales \u00e0 l\u2019int\u00e9rieur et aux alentours du mus\u00e9e et, \u00e0 terme l&#8217;accompagnement de publics ayant des difficult\u00e9s d\u2019acc\u00e8s<\/li>\n<\/ul>\n<p><strong>Si vous souhaitez partager vos visites et contribuer aux contenus<\/strong>, vous \u00eates les bienvenus. Nous vous attendons nombreux pour dialoguer et contribuer \u00e0 ce site qui deviendra aussi le v\u00f4tre.<\/p>\n<p>Le site est :<\/p>\n<ul>\n<li>Gratuit, ouvert au grand public<\/li>\n<li>Consultable sur tous les supports, ordinateur, tablettes, smartphones<\/li>\n<li>Utile aux parisiens comme aux touristes qui viennent visiter Paris<\/li>\n<li>Ax\u00e9 sur les contenus culturels (pas d\u2019h\u00f4tels, restaurants, boutiques en dehors de ceux des mus\u00e9es)<\/li>\n<li>Collaboratif (espaces pour \u00e9crire, discuter, t\u00e9moigner)<\/li>\n<li>Mis \u00e0 jour r\u00e9guli\u00e8rement<\/li>\n<li>En fran\u00e7ais et tr\u00e8s bient\u00f4t en anglais (d\u2019autres langues seront ajout\u00e9es par la suite)<\/li>\n<\/ul>\n<p><em>&nbsp;Il est fondamental pour notre association que le site reste gratuit pour le grand public et s\u2019appuie sur un mod\u00e8le collaboratif en invitant les visiteurs des mus\u00e9es \u00e0 t\u00e9moigner et partager leurs visites ainsi qu\u2019en travaillant avec les mus\u00e9es et les institutions culturelles, les associations et les diff\u00e9rents acteurs de la culture.<\/em><\/p>\n","protected":false},"excerpt":{"rendered":"<p>Un site pour vous touslesmusees.fr est un site portail d\u00e9di\u00e9&hellip; <span class=\"knowMore\"><a href=\"https:\/\/www.touslesmusees.fr\/en\/spirit-of-the-site\/\">En savoir plus<\/a><\/span><\/p>\n","protected":false},"author":2,"featured_media":0,"parent":0,"menu_order":0,"comment_status":"closed","ping_status":"closed","template":"","meta":[],"acf":[],"_links":{"self":[{"href":"https:\/\/www.touslesmusees.fr\/en\/wp-json\/wp\/v2\/pages\/4158\/"}],"collection":[{"href":"https:\/\/www.touslesmusees.fr\/en\/wp-json\/wp\/v2\/pages\/"}],"about":[{"href":"https:\/\/www.touslesmusees.fr\/en\/wp-json\/wp\/v2\/types\/page\/"}],"author":[{"embeddable":true,"href":"https:\/\/www.touslesmusees.fr\/en\/wp-json\/wp\/v2\/users\/2\/"}],"replies":[{"embeddable":true,"href":"https:\/\/www.touslesmusees.fr\/en\/wp-json\/wp\/v2\/comments\/?post=4158"}],"version-history":[{"count":1,"href":"https:\/\/www.touslesmusees.fr\/en\/wp-json\/wp\/v2\/pages\/4158\/revisions\/"}],"predecessor-version":[{"id":4159,"href":"https:\/\/www.touslesmusees.fr\/en\/wp-json\/wp\/v2\/pages\/4158\/revisions\/4159\/"}],"wp:attachment":[{"href":"https:\/\/www.touslesmusees.fr\/en\/wp-json\/wp\/v2\/media\/?parent=4158"}],"curies":[{"name":"wp","href":"https:\/\/api.w.org\/{rel}","templated":true}]}}