{"id":4160,"date":"2019-03-11T16:44:56","date_gmt":"2019-03-11T14:44:56","guid":{"rendered":"https:\/\/www.touslesmusees.fr\/?page_id=4160"},"modified":"2019-03-11T16:44:58","modified_gmt":"2019-03-11T14:44:58","slug":"sitemap","status":"publish","type":"page","link":"https:\/\/www.touslesmusees.fr\/en\/sitemap\/","title":{"rendered":"Sitemap"},"content":{"rendered":"<p><strong>Page d&#8217;accueil<\/strong><\/p>\n<p><a href=\"https:\/\/www.touslesmusees.fr\/les-musees\/\" target=\"_blank\">Mus\u00e9es<\/a><\/p>\n<p><a href=\"https:\/\/www.touslesmusees.fr\/les-musees\/?mu=Paris-Ile%20de%20France\" target=\"_blank\">Mus\u00e9es Paris Ile-de-France<\/a><\/p>\n<p><a href=\"https:\/\/www.touslesmusees.fr\/les-musees\/?mu=France\" target=\"_blank\">Mus\u00e9es France<\/a><\/p>\n<p><a href=\"https:\/\/www.touslesmusees.fr\/les-musees\/?mu=Monde\" target=\"_blank\">Mus\u00e9es du Monde<\/a><\/p>\n<p><a href=\"https:\/\/www.touslesmusees.fr\/les-expositions\/\" target=\"_blank\">Expositions<\/a><\/p>\n<p><a href=\"https:\/\/www.touslesmusees.fr\/les-expositions\/?ex=dernier-jour\" target=\"_blank\">Expositions Derniers jours<\/a><\/p>\n<p><a href=\"https:\/\/www.touslesmusees.fr\/les-expositions\/?ex=en-cours\" target=\"_blank\">Expositions en cours<\/a><\/p>\n<p><a href=\"https:\/\/www.touslesmusees.fr\/les-expositions\/?ex=a-venir\" target=\"_blank\">Expositions \u00e0 venir<\/a><\/p>\n<p><a href=\"https:\/\/www.touslesmusees.fr\/les-expositions\/?ex=passees\" target=\"_blank\">Expositions pass\u00e9es<\/a><\/p>\n<p><a href=\"https:\/\/www.touslesmusees.fr\/category\/actualites\/?categorySlug=actualites\" target=\"_blank\">Actualit\u00e9s<\/a><\/p>\n<p><a href=\"https:\/\/www.touslesmusees.fr\/category\/actualites\/musees\/\" target=\"_blank\">Actualit\u00e9s\/mus\u00e9es<\/a><\/p>\n<p><a href=\"https:\/\/www.touslesmusees.fr\/category\/actualites\/expositions\/\" target=\"_blank\">Actualit\u00e9s\/Expositions<\/a><\/p>\n<p><a href=\"https:\/\/www.touslesmusees.fr\/category\/actualites\/evenements\/\" target=\"_blank\">Actualit\u00e9s\/ev\u00e8nements<\/a><\/p>\n<p><a href=\"https:\/\/www.touslesmusees.fr\/activites\/\" target=\"_blank\">Activit\u00e9s TLM<\/a><\/p>\n<p><a href=\"https:\/\/www.touslesmusees.fr\/type_activites\/visites-et-conferences\/\" target=\"_blank\">Activit\u00e9s TLM \/visites-et-conferences<\/a><\/p>\n<p><a href=\"https:\/\/www.touslesmusees.fr\/type_activites\/dossiers-et-grands-temoins\/\" target=\"_blank\">Activit\u00e9s TLM \/Dossiers-et-grands-t\u00e9moins<\/a><\/p>\n<p><a href=\"https:\/\/www.touslesmusees.fr\/type_activites\/evenements\/\" target=\"_blank\">Activit\u00e9s TLM \/Ev\u00e8nements<\/a><\/p>\n<p><a href=\"https:\/\/www.touslesmusees.fr\/temoignages\/\" target=\"_blank\">Vos t\u00e9moignages<\/a><\/p>\n<p><a href=\"https:\/\/www.touslesmusees.fr\/les-musees-expositions\/\" target=\"_blank\">Recherche Mus\u00e9es et Expositions<\/a><\/p>\n","protected":false},"excerpt":{"rendered":"<p>Page d&#8217;accueil Mus\u00e9es Mus\u00e9es Paris Ile-de-France Mus\u00e9es France Mus\u00e9es du&hellip; <span class=\"knowMore\"><a href=\"https:\/\/www.touslesmusees.fr\/en\/sitemap\/\">En savoir plus<\/a><\/span><\/p>\n","protected":false},"author":2,"featured_media":0,"parent":0,"menu_order":0,"comment_status":"closed","ping_status":"closed","template":"","meta":[],"acf":[],"_links":{"self":[{"href":"https:\/\/www.touslesmusees.fr\/en\/wp-json\/wp\/v2\/pages\/4160\/"}],"collection":[{"href":"https:\/\/www.touslesmusees.fr\/en\/wp-json\/wp\/v2\/pages\/"}],"about":[{"href":"https:\/\/www.touslesmusees.fr\/en\/wp-json\/wp\/v2\/types\/page\/"}],"author":[{"embeddable":true,"href":"https:\/\/www.touslesmusees.fr\/en\/wp-json\/wp\/v2\/users\/2\/"}],"replies":[{"embeddable":true,"href":"https:\/\/www.touslesmusees.fr\/en\/wp-json\/wp\/v2\/comments\/?post=4160"}],"version-history":[{"count":1,"href":"https:\/\/www.touslesmusees.fr\/en\/wp-json\/wp\/v2\/pages\/4160\/revisions\/"}],"predecessor-version":[{"id":4161,"href":"https:\/\/www.touslesmusees.fr\/en\/wp-json\/wp\/v2\/pages\/4160\/revisions\/4161\/"}],"wp:attachment":[{"href":"https:\/\/www.touslesmusees.fr\/en\/wp-json\/wp\/v2\/media\/?parent=4160"}],"curies":[{"name":"wp","href":"https:\/\/api.w.org\/{rel}","templated":true}]}}